{"id":7782,"date":"2022-02-25T19:17:34","date_gmt":"2022-02-25T19:17:34","guid":{"rendered":"https:\/\/traglialberieilmare.com\/benessere\/"},"modified":"2023-10-23T19:49:14","modified_gmt":"2023-10-23T19:49:14","slug":"wellness","status":"publish","type":"page","link":"https:\/\/traglialberieilmare.com\/en\/wellness\/","title":{"rendered":"Wellness"},"content":{"rendered":"\t\t<div data-elementor-type=\"wp-post\" data-elementor-id=\"7782\" class=\"elementor elementor-7782 elementor-5153\" data-elementor-post-type=\"page\">\n\t\t\t\t\t\t<section class=\"elementor-section elementor-top-section elementor-element elementor-element-3a3a776 elementor-section-full_width elementor-section-height-min-height elementor-section-height-default elementor-section-items-middle\" data-id=\"3a3a776\" data-element_type=\"section\" data-e-type=\"section\" data-settings=\"{&quot;background_background&quot;:&quot;classic&quot;}\">\n\t\t\t\t\t\t\t<div class=\"elementor-background-overlay\"><\/div>\n\t\t\t\t\t\t\t<div class=\"elementor-container elementor-column-gap-default\">\n\t\t\t\t\t<div class=\"elementor-column elementor-col-100 elementor-top-column elementor-element elementor-element-5b0dbb68\" data-id=\"5b0dbb68\" data-element_type=\"column\" data-e-type=\"column\">\n\t\t\t<div class=\"elementor-widget-wrap elementor-element-populated\">\n\t\t\t\t\t\t<div class=\"elementor-element elementor-element-5a3532ef elementor-view-default elementor-position-top elementor-invisible elementor-widget elementor-widget-themo-header\" data-id=\"5a3532ef\" data-element_type=\"widget\" data-e-type=\"widget\" data-settings=\"{&quot;_animation&quot;:&quot;fadeIn&quot;}\" data-widget_type=\"themo-header.default\">\n\t\t\t\t<div class=\"elementor-widget-container\">\n\t\t\t\t\t\t\t<div class=\"th-header-wrap\">\n        <div class=\"elementor-icon-box-wrapper \">\n                            <div class=\"elementor-icon-box-content\">\n                    <h1 class=\"elementor-icon-box-title\">\n                        WELLNESS                    <\/h1>\n                                        <p class=\"elementor-icon-box-description\">Discover our offers for a relaxing getaway\n<\/p>\n\n                                            <div class=\"th-btn-wrap\">\n                                                            <a class=\"btn-1 btn th-btn btn-standard-accent\" href=\"https:\/\/traglialberieilmare.com\/wp-content\/uploads\/2023\/10\/OPEN-AIR-WELLNESS-ulimissimo.pdf\" target=\"_blank\">\n                                                                            DOWNLOAD THE WELLNESS BROCHURE                                                                    <\/a>\n                            \n                                                    <\/div>\n                                    <\/div>\n            <\/div>\n\n        <\/div>\n\n\t\t\t\t\t\t<\/div>\n\t\t\t\t<\/div>\n\t\t\t\t\t<\/div>\n\t\t<\/div>\n\t\t\t\t\t<\/div>\n\t\t<\/section>\n\t\t\t\t<section class=\"elementor-section elementor-top-section elementor-element elementor-element-689c0e2f elementor-section-boxed elementor-section-height-default elementor-section-height-default\" data-id=\"689c0e2f\" data-element_type=\"section\" data-e-type=\"section\" data-settings=\"{&quot;background_background&quot;:&quot;classic&quot;}\">\n\t\t\t\t\t\t<div class=\"elementor-container elementor-column-gap-default\">\n\t\t\t\t\t<div class=\"elementor-column elementor-col-100 elementor-top-column elementor-element elementor-element-57458326\" data-id=\"57458326\" data-element_type=\"column\" data-e-type=\"column\">\n\t\t\t<div class=\"elementor-widget-wrap elementor-element-populated\">\n\t\t\t\t\t\t<div class=\"elementor-element elementor-element-859a6d4 elementor-view-default elementor-position-top elementor-widget elementor-widget-themo-header\" data-id=\"859a6d4\" data-element_type=\"widget\" data-e-type=\"widget\" data-widget_type=\"themo-header.default\">\n\t\t\t\t<div class=\"elementor-widget-container\">\n\t\t\t\t\t\t\t<div class=\"th-header-wrap\">\n        <div class=\"elementor-icon-box-wrapper \">\n                            <div class=\"elementor-icon-box-content\">\n                    <h2 class=\"elementor-icon-box-title\">\n                        Take a moment for your well-being                    <\/h2>\n                                        <p class=\"elementor-icon-box-description\">Among the Trees and the Sea is a magical place where you can relax while savoring the sound of\ntranquility and silence in a peaceful and refined environment.\n\nA journey in search of balance between mind, body, and emotions, to experience a rejuvenating\nexperience and rekindle physical and mental energy through skillful manual techniques.\n\nThe <b>Open Air Wellness<\/b> space is a truly suggestive experience that will provide you with a\npleasant sensation of relaxation, thanks to its synergy with the natural beauty of nature.<\/p>\n\n                                            <div class=\"th-btn-wrap\">\n                                                            <a class=\"btn-1 btn th-btn btn-standard-primary\" href=\"https:\/\/traglialberieilmare.com\/wp-content\/uploads\/2023\/10\/OPEN-AIR-WELLNESS-ulimissimo.pdf\" target=\"_blank\">\n                                                                            DOWNLOAD THE WELLNESS BROCHURE                                                                    <\/a>\n                            \n                                                    <\/div>\n                                    <\/div>\n            <\/div>\n\n        <\/div>\n\n\t\t\t\t\t\t<\/div>\n\t\t\t\t<\/div>\n\t\t\t\t\t<\/div>\n\t\t<\/div>\n\t\t\t\t\t<\/div>\n\t\t<\/section>\n\t\t\t\t<section class=\"elementor-section elementor-top-section elementor-element elementor-element-6275e9a esperienze elementor-hidden-desktop elementor-hidden-tablet elementor-hidden-mobile elementor-section-boxed elementor-section-height-default elementor-section-height-default\" data-id=\"6275e9a\" data-element_type=\"section\" data-e-type=\"section\" data-settings=\"{&quot;background_background&quot;:&quot;classic&quot;}\">\n\t\t\t\t\t\t<div class=\"elementor-container elementor-column-gap-default\">\n\t\t\t\t\t<div class=\"elementor-column elementor-col-33 elementor-top-column elementor-element elementor-element-b29b40b\" data-id=\"b29b40b\" data-element_type=\"column\" data-e-type=\"column\">\n\t\t\t<div class=\"elementor-widget-wrap elementor-element-populated\">\n\t\t\t\t\t\t<div class=\"elementor-element elementor-element-27045be elementor-widget elementor-widget-themo-package\" data-id=\"27045be\" data-element_type=\"widget\" data-e-type=\"widget\" data-widget_type=\"themo-package.default\">\n\t\t\t\t<div class=\"elementor-widget-container\">\n\t\t\t\t\t\n        <article class=\"th-package\">\n\n            \n                            <div class=\"th-pkg-info\">\n                                                        <\/div>\n            \n                        <div class=\"th-pkg-img\">\n                                <img data-rjs=\"2\" fetchpriority=\"high\" decoding=\"async\" width=\"394\" height=\"303\" src=\"https:\/\/traglialberieilmare.com\/wp-content\/uploads\/2020\/09\/massaggio-relax-394x303.jpg\" class=\"\" alt=\"\" \/>            <\/div>\n\n            <div class=\"th-pkg-content\">\n                                                    <h3>MASSAGGIO RILASSANTE<\/h3>\n                                                    <div class=\"th-package-content\">\n                        Un  trattamento rilassante e distensivo adatto a riequilibrare l\u2019energia vitale, a  rigenerare dallo stress e a cacciare via la stanchezza e le preoccupazioni. Questo trattamento coniuga benessere, relax e salute racchiusi in un\u2019esperienza estremamente rigenerante.<br>\n<span style=\"color:#9D7330\"><b>80\u20ac\/persona<\/b><\/span>                    <\/div>\n                            <\/div>\n\n        <\/article>\n\n        \t\t\t\t<\/div>\n\t\t\t\t<\/div>\n\t\t\t\t\t<\/div>\n\t\t<\/div>\n\t\t\t\t<div class=\"elementor-column elementor-col-33 elementor-top-column elementor-element elementor-element-e88cfaf\" data-id=\"e88cfaf\" data-element_type=\"column\" data-e-type=\"column\">\n\t\t\t<div class=\"elementor-widget-wrap elementor-element-populated\">\n\t\t\t\t\t\t<div class=\"elementor-element elementor-element-84f2129 elementor-widget elementor-widget-themo-package\" data-id=\"84f2129\" data-element_type=\"widget\" data-e-type=\"widget\" data-widget_type=\"themo-package.default\">\n\t\t\t\t<div class=\"elementor-widget-container\">\n\t\t\t\t\t\n        <article class=\"th-package\">\n\n            \n                            <div class=\"th-pkg-info\">\n                                            <h4>\u20ac80<\/h4>\n                                                                <span>\/persona<\/span>\n                                    <\/div>\n            \n                        <div class=\"th-pkg-img\">\n                                <img data-rjs=\"2\" decoding=\"async\" width=\"394\" height=\"303\" src=\"https:\/\/traglialberieilmare.com\/wp-content\/uploads\/2019\/05\/Gambe-394x303.jpg\" class=\"\" alt=\"\" \/>            <\/div>\n\n            <div class=\"th-pkg-content\">\n                                                    <h3>MASSAGGIO LINFODRENANTE<\/h3>\n                                                    <div class=\"th-package-content\">\n                        Un trattamento linfodrenante corpo in particolare sulle gambe, ma anche sulla pancia. E\u2019 un massaggio dimagrante, drena i liquidi in eccesso ed elimina le tossine  riuscendo a rimodellare la silhouette. Migliora il benessere psicofisico della persona.<br>\n<span style=\"color:#9D7330\"><b>80\u20ac\/persona<\/b><\/span>                    <\/div>\n                            <\/div>\n\n        <\/article>\n\n        \t\t\t\t<\/div>\n\t\t\t\t<\/div>\n\t\t\t\t\t<\/div>\n\t\t<\/div>\n\t\t\t\t<div class=\"elementor-column elementor-col-33 elementor-top-column elementor-element elementor-element-a1dc3f9\" data-id=\"a1dc3f9\" data-element_type=\"column\" data-e-type=\"column\">\n\t\t\t<div class=\"elementor-widget-wrap elementor-element-populated\">\n\t\t\t\t\t\t<div class=\"elementor-element elementor-element-94a0216 elementor-widget elementor-widget-themo-package\" data-id=\"94a0216\" data-element_type=\"widget\" data-e-type=\"widget\" data-widget_type=\"themo-package.default\">\n\t\t\t\t<div class=\"elementor-widget-container\">\n\t\t\t\t\t\n        <article class=\"th-package\">\n\n            \n                            <div class=\"th-pkg-info\">\n                                                        <\/div>\n            \n                        <div class=\"th-pkg-img\">\n                                <img data-rjs=\"2\" decoding=\"async\" width=\"394\" height=\"303\" src=\"https:\/\/traglialberieilmare.com\/wp-content\/uploads\/2022\/03\/Massaggio-viso-394x303.jpg\" class=\"\" alt=\"\" \/>            <\/div>\n\n            <div class=\"th-pkg-content\">\n                                                    <h3>MASSAGGIO VISO ANTI AGE<\/h3>\n                                                    <div class=\"th-package-content\">\n                        Una coccola per rigenerare la microcircolazione del tuo viso in maniera efficace, per favorire il drenaggio a collo, viso e un  l\u2019apporto di ossigeno e nutrimento della pelle.\nIl risultato sar\u00e0 un colorito pi\u00f9 omogeneo, un effetto lifting e maggiore elasticit\u00e0 della pelle.\n<br>\n<span style=\"color:#9D7330\"><b>50\u20ac\/persona<\/b><\/span>                    <\/div>\n                            <\/div>\n\n        <\/article>\n\n        \t\t\t\t<\/div>\n\t\t\t\t<\/div>\n\t\t\t\t\t<\/div>\n\t\t<\/div>\n\t\t\t\t\t<\/div>\n\t\t<\/section>\n\t\t\t\t<section class=\"elementor-section elementor-top-section elementor-element elementor-element-c864bb5 esperienze elementor-hidden-desktop elementor-hidden-tablet elementor-hidden-mobile elementor-section-boxed elementor-section-height-default elementor-section-height-default\" data-id=\"c864bb5\" data-element_type=\"section\" data-e-type=\"section\" data-settings=\"{&quot;background_background&quot;:&quot;classic&quot;}\">\n\t\t\t\t\t\t<div class=\"elementor-container elementor-column-gap-default\">\n\t\t\t\t\t<div class=\"elementor-column elementor-col-33 elementor-top-column elementor-element elementor-element-10bf17d\" data-id=\"10bf17d\" data-element_type=\"column\" data-e-type=\"column\">\n\t\t\t<div class=\"elementor-widget-wrap elementor-element-populated\">\n\t\t\t\t\t\t<div class=\"elementor-element elementor-element-5a1d7f8 elementor-widget elementor-widget-themo-package\" data-id=\"5a1d7f8\" data-element_type=\"widget\" data-e-type=\"widget\" data-widget_type=\"themo-package.default\">\n\t\t\t\t<div class=\"elementor-widget-container\">\n\t\t\t\t\t\n        <article class=\"th-package\">\n\n            \n                            <div class=\"th-pkg-info\">\n                                            <h4>\u20ac80<\/h4>\n                                                                <span>\/persona<\/span>\n                                    <\/div>\n            \n                        <div class=\"th-pkg-img\">\n                                <img data-rjs=\"2\" loading=\"lazy\" decoding=\"async\" width=\"394\" height=\"303\" src=\"https:\/\/traglialberieilmare.com\/wp-content\/uploads\/2022\/02\/massage-3795693_1920-1024x683-1-394x303.jpg\" class=\"\" alt=\"\" \/>            <\/div>\n\n            <div class=\"th-pkg-content\">\n                                                    <h3>MASSAGGIO ANTI-CELLULITE<\/h3>\n                                                    <div class=\"th-package-content\">\n                        Massaggio che aiuta a ridurre la pelle a buccia d\u2019arancia favorendo la rigenerazione dei tessuti con tecniche di manipolazione specifiche, che agiscono in modo mirato sulle zone colpite,  soprattutto cosce e glutei, ma non solo. In questo modo lo stato connettivo della pelle si riattiva, si ossigena e si rigenera. I massaggi anticellulite aiutano a anche drenare i  liquidi in eccesso, eliminando le scorie e le tossine che spesso causano infiammazione.<br>\n<span style=\"color:#9D7330\"><b>80\u20ac\/persona<\/b><\/span>                    <\/div>\n                            <\/div>\n\n        <\/article>\n\n        \t\t\t\t<\/div>\n\t\t\t\t<\/div>\n\t\t\t\t\t<\/div>\n\t\t<\/div>\n\t\t\t\t<div class=\"elementor-column elementor-col-33 elementor-top-column elementor-element elementor-element-1f04604\" data-id=\"1f04604\" data-element_type=\"column\" data-e-type=\"column\">\n\t\t\t<div class=\"elementor-widget-wrap elementor-element-populated\">\n\t\t\t\t\t\t<div class=\"elementor-element elementor-element-00f9b4d elementor-widget elementor-widget-themo-package\" data-id=\"00f9b4d\" data-element_type=\"widget\" data-e-type=\"widget\" data-widget_type=\"themo-package.default\">\n\t\t\t\t<div class=\"elementor-widget-container\">\n\t\t\t\t\t\n        <article class=\"th-package\">\n\n            \n                            <div class=\"th-pkg-info\">\n                                            <h4>\u20ac80<\/h4>\n                                                                <span>\/persona<\/span>\n                                    <\/div>\n            \n                        <div class=\"th-pkg-img\">\n                                <img data-rjs=\"2\" loading=\"lazy\" decoding=\"async\" width=\"394\" height=\"303\" src=\"https:\/\/traglialberieilmare.com\/wp-content\/uploads\/2019\/05\/10.-bamboo-massage-rezana-394x303.jpg\" class=\"\" alt=\"\" \/>            <\/div>\n\n            <div class=\"th-pkg-content\">\n                                                    <h3>MASSAGGIO DECONTRATTURANTE<\/h3>\n                                                    <div class=\"th-package-content\">\n                        Massaggio di benessere ideale sia per l\u2019uomo (soprattutto per lo sportivo), in quanto si facilita la stimolazione delle placche neuromuscolari che ne valorizzano le caratteristiche  decontratturanti , che per la donna che riscontra problemi con la presenza di cellulite, traendone beneficio in quanto si valorizzano le caratteristiche drenanti e riattivanti.<br>\n<span style=\"color:#9D7330\"><b>80\u20ac\/persona<\/b><\/span>                    <\/div>\n                            <\/div>\n\n        <\/article>\n\n        \t\t\t\t<\/div>\n\t\t\t\t<\/div>\n\t\t\t\t\t<\/div>\n\t\t<\/div>\n\t\t\t\t<div class=\"elementor-column elementor-col-33 elementor-top-column elementor-element elementor-element-db55172\" data-id=\"db55172\" data-element_type=\"column\" data-e-type=\"column\">\n\t\t\t<div class=\"elementor-widget-wrap elementor-element-populated\">\n\t\t\t\t\t\t<div class=\"elementor-element elementor-element-b593cc7 elementor-widget elementor-widget-themo-package\" data-id=\"b593cc7\" data-element_type=\"widget\" data-e-type=\"widget\" data-widget_type=\"themo-package.default\">\n\t\t\t\t<div class=\"elementor-widget-container\">\n\t\t\t\t\t\n        <article class=\"th-package\">\n\n            \n                            <div class=\"th-pkg-info\">\n                                            <h4>\u20ac45<\/h4>\n                                                                <span>\/persona<\/span>\n                                    <\/div>\n            \n                        <div class=\"th-pkg-img\">\n                                <img data-rjs=\"2\" loading=\"lazy\" decoding=\"async\" width=\"394\" height=\"280\" src=\"https:\/\/traglialberieilmare.com\/wp-content\/uploads\/2020\/11\/bioenergetica-sessualita-394x280.jpg\" class=\"\" alt=\"\" \/>            <\/div>\n\n            <div class=\"th-pkg-content\">\n                                                    <h3>LEZIONI DI BIOENERGETICA<\/h3>\n                                                    <div class=\"th-package-content\">\n                        Gli esercizi bioenergetici aiutano la persona a sciogliere le tensioni muscolari che si sono accumulate nel corpo.\n\nGli esercizi di respirazione, radicamento, stretching, e rilassamento, favoriscono l\u2019equilibrio psico-fisico, scaricando le tensioni giornaliere e fornendo una carica energetica maggiore.\n\nLe lezioni sono previste nelle ore serali negli spazi verdi del b&amp;b  oppure su richiesta in alcuni  sentieri  del Monte Conero.\n\nLa conduzione \u00e9 di Paola Pucci, esperto insegnante bioenergetico certificato.<br>\n<span style=\"color:#9D7330\"><b>55\u20ac\/persona<\/b><\/span>                    <\/div>\n                            <\/div>\n\n        <\/article>\n\n        \t\t\t\t<\/div>\n\t\t\t\t<\/div>\n\t\t\t\t\t<\/div>\n\t\t<\/div>\n\t\t\t\t\t<\/div>\n\t\t<\/section>\n\t\t\t\t<section class=\"elementor-section elementor-top-section elementor-element elementor-element-2c633766 elementor-section-boxed elementor-section-height-default elementor-section-height-default\" data-id=\"2c633766\" data-element_type=\"section\" data-e-type=\"section\" data-settings=\"{&quot;background_background&quot;:&quot;classic&quot;}\">\n\t\t\t\t\t\t<div class=\"elementor-container elementor-column-gap-wider\">\n\t\t\t\t\t<div class=\"elementor-column elementor-col-100 elementor-top-column elementor-element elementor-element-378bfd07\" data-id=\"378bfd07\" data-element_type=\"column\" data-e-type=\"column\">\n\t\t\t<div class=\"elementor-widget-wrap elementor-element-populated\">\n\t\t\t\t\t\t<div class=\"elementor-element elementor-element-33281afd elementor-widget elementor-widget-themo-call-to-action\" data-id=\"33281afd\" data-element_type=\"widget\" data-e-type=\"widget\" data-widget_type=\"themo-call-to-action.default\">\n\t\t\t\t<div class=\"elementor-widget-container\">\n\t\t\t\t\t\t\t<div class=\"th-cta\">\n\t\t\t\t\t        <div class=\"th-cta-text\">\n\t\t            <span>Reserve your spot for one of our special experiences!<\/span>\n\t\t        <\/div>\n\t\t    \n                        <div class=\"th-cta-btn\">\n\n                                    <a class=\"btn-1 btn th-btn btn-ghost-light\" href=\"\/en\/book-now\" target=\"_blank\">\n                                                    BOOK NOW                                            <\/a>\n                \n                            <\/div>\n            \t\t<\/div>\n\t\t\t\t\t\t<\/div>\n\t\t\t\t<\/div>\n\t\t\t\t\t<\/div>\n\t\t<\/div>\n\t\t\t\t\t<\/div>\n\t\t<\/section>\n\t\t\t\t<section class=\"elementor-section elementor-top-section elementor-element elementor-element-88d2553 elementor-section-boxed elementor-section-height-default elementor-section-height-default\" data-id=\"88d2553\" data-element_type=\"section\" data-e-type=\"section\" data-settings=\"{&quot;background_background&quot;:&quot;classic&quot;}\">\n\t\t\t\t\t\t<div class=\"elementor-container elementor-column-gap-default\">\n\t\t\t\t\t<div class=\"elementor-column elementor-col-100 elementor-top-column elementor-element elementor-element-3674b4e\" data-id=\"3674b4e\" data-element_type=\"column\" data-e-type=\"column\">\n\t\t\t<div class=\"elementor-widget-wrap elementor-element-populated\">\n\t\t\t\t\t\t<div class=\"elementor-element elementor-element-d61f1cd elementor-view-default elementor-position-top elementor-widget elementor-widget-themo-header\" data-id=\"d61f1cd\" data-element_type=\"widget\" data-e-type=\"widget\" data-widget_type=\"themo-header.default\">\n\t\t\t\t<div class=\"elementor-widget-container\">\n\t\t\t\t\t\t\t<div class=\"th-header-wrap\">\n        <div class=\"elementor-icon-box-wrapper \">\n                            <div class=\"elementor-icon-box-content\">\n                    <h2 class=\"elementor-icon-box-title\">\n                        QUESTIONS?                    <\/h2>\n                                        <p class=\"elementor-icon-box-description\">Fill out the form below. Or, contact us at +393358237988 or write to info@traglialberieilmare.com.<\/p>\n\n                                    <\/div>\n            <\/div>\n\n        <\/div>\n\n\t\t\t\t\t\t<\/div>\n\t\t\t\t<\/div>\n\t\t\t\t<div class=\"elementor-element elementor-element-e36e580 elementor-widget elementor-widget-wpforms\" data-id=\"e36e580\" data-element_type=\"widget\" data-e-type=\"widget\" data-widget_type=\"wpforms.default\">\n\t\t\t\t<div class=\"elementor-widget-container\">\n\t\t\t\t\t<div class=\"wpforms-container wpforms-container-full\" id=\"wpforms-7651\"><form id=\"wpforms-form-7651\" class=\"wpforms-validate wpforms-form wpforms-ajax-form\" data-formid=\"7651\" method=\"post\" enctype=\"multipart\/form-data\" action=\"\/en\/wp-json\/wp\/v2\/pages\/7782\" data-token=\"ee2e275cd8c1c6a7777f582db67da7ef\"><noscript class=\"wpforms-error-noscript\">Please enable JavaScript in your browser to complete this form.<\/noscript><div class=\"wpforms-field-container\"><div id=\"wpforms-7651-field_0-container\" class=\"wpforms-field wpforms-field-name\" data-field-id=\"0\"><label class=\"wpforms-field-label wpforms-label-hide\" for=\"wpforms-7651-field_0\">Nome <span class=\"wpforms-required-label\">*<\/span><\/label><input type=\"text\" id=\"wpforms-7651-field_0\" class=\"wpforms-field-large wpforms-field-required\" name=\"wpforms[fields][0]\" placeholder=\"Name\" required><\/div><div id=\"wpforms-7651-field_1-container\" class=\"wpforms-field wpforms-field-email\" data-field-id=\"1\"><label class=\"wpforms-field-label wpforms-label-hide\" for=\"wpforms-7651-field_1\">Email <span class=\"wpforms-required-label\">*<\/span><\/label><input type=\"email\" id=\"wpforms-7651-field_1\" class=\"wpforms-field-large wpforms-field-required\" name=\"wpforms[fields][1]\" placeholder=\"Email\" required><\/div><div id=\"wpforms-7651-field_3-container\" class=\"wpforms-field wpforms-field-phone\" data-field-id=\"3\"><label class=\"wpforms-field-label wpforms-label-hide\" for=\"wpforms-7651-field_3\">Telefono<\/label><input type=\"tel\" id=\"wpforms-7651-field_3\" class=\"wpforms-field-large wpforms-smart-phone-field\" data-rule-smart-phone-field=\"true\" name=\"wpforms[fields][3]\" placeholder=\"Phone number\" ><\/div><div id=\"wpforms-7651-field_6-container\" class=\"wpforms-field wpforms-field-text\" data-field-id=\"6\"><label class=\"wpforms-field-label wpforms-label-hide\" for=\"wpforms-7651-field_6\">Domanda o richiesta <span class=\"wpforms-required-label\">*<\/span><\/label><input type=\"text\" id=\"wpforms-7651-field_6\" class=\"wpforms-field-large wpforms-field-required\" name=\"wpforms[fields][6]\" placeholder=\"Your request\" required><\/div><div id=\"wpforms-7651-field_5-container\" class=\"wpforms-field wpforms-field-checkbox\" data-field-id=\"5\"><label class=\"wpforms-field-label wpforms-label-hide\" for=\"wpforms-7651-field_5\">Privacy <span class=\"wpforms-required-label\">*<\/span><\/label><ul id=\"wpforms-7651-field_5\" class=\"wpforms-field-required\"><li class=\"choice-1 depth-1\"><input type=\"checkbox\" id=\"wpforms-7651-field_5_1\" name=\"wpforms[fields][5][]\" value=\"I agree and consent to the processing of my personal data as outlined with the &lt;a href=&quot;https:\/\/www.iubenda.com\/privacy-policy\/65876811&quot; target=&quot;blank&quot;&gt;privacy policy&lt;\/a&gt;\" required ><label class=\"wpforms-field-label-inline\" for=\"wpforms-7651-field_5_1\">I agree and consent to the processing of my personal data as outlined with the <a href=\"https:\/\/www.iubenda.com\/privacy-policy\/65876811\" target=\"blank\">privacy policy<\/a><\/label><\/li><\/ul><\/div><\/div><div class=\"wpforms-submit-container\"><input type=\"hidden\" name=\"wpforms[id]\" value=\"7651\"><input type=\"hidden\" name=\"wpforms[author]\" value=\"2\"><button type=\"submit\" name=\"wpforms[submit]\" id=\"wpforms-submit-7651\" class=\"wpforms-submit\" data-alt-text=\"Loading...\" data-submit-text=\"Submit\" aria-live=\"assertive\" value=\"wpforms-submit\">Submit<\/button><img loading=\"lazy\" decoding=\"async\" src=\"https:\/\/traglialberieilmare.com\/wp-content\/plugins\/wpforms\/assets\/images\/submit-spin.svg\" class=\"wpforms-submit-spinner\" style=\"display: none;\" width=\"26\" height=\"26\" alt=\"\"><\/div><\/form><\/div>  <!-- .wpforms-container -->\t\t\t\t<\/div>\n\t\t\t\t<\/div>\n\t\t\t\t\t<\/div>\n\t\t<\/div>\n\t\t\t\t\t<\/div>\n\t\t<\/section>\n\t\t\t\t<\/div>\n\t\t","protected":false},"excerpt":{"rendered":"<p>WELLNESS Discover our offers for a relaxing getaway DOWNLOAD THE WELLNESS BROCHURE Take a moment for your well-being Among the Trees and the Sea is a magical place where you can relax while savoring the sound of tranquility and silence &hellip; <a href=\"https:\/\/traglialberieilmare.com\/en\/wellness\/\">Read More<\/a><\/p>\n","protected":false},"author":2,"featured_media":0,"parent":0,"menu_order":8,"comment_status":"closed","ping_status":"closed","template":"","meta":{"footnotes":""},"class_list":["post-7782","page","type-page","status-publish","hentry"],"_links":{"self":[{"href":"https:\/\/traglialberieilmare.com\/en\/wp-json\/wp\/v2\/pages\/7782","targetHints":{"allow":["GET"]}}],"collection":[{"href":"https:\/\/traglialberieilmare.com\/en\/wp-json\/wp\/v2\/pages"}],"about":[{"href":"https:\/\/traglialberieilmare.com\/en\/wp-json\/wp\/v2\/types\/page"}],"author":[{"embeddable":true,"href":"https:\/\/traglialberieilmare.com\/en\/wp-json\/wp\/v2\/users\/2"}],"replies":[{"embeddable":true,"href":"https:\/\/traglialberieilmare.com\/en\/wp-json\/wp\/v2\/comments?post=7782"}],"version-history":[{"count":7,"href":"https:\/\/traglialberieilmare.com\/en\/wp-json\/wp\/v2\/pages\/7782\/revisions"}],"predecessor-version":[{"id":8034,"href":"https:\/\/traglialberieilmare.com\/en\/wp-json\/wp\/v2\/pages\/7782\/revisions\/8034"}],"wp:attachment":[{"href":"https:\/\/traglialberieilmare.com\/en\/wp-json\/wp\/v2\/media?parent=7782"}],"curies":[{"name":"wp","href":"https:\/\/api.w.org\/{rel}","templated":true}]}}